{"id":891,"date":"2022-01-18T13:16:08","date_gmt":"2022-01-18T12:16:08","guid":{"rendered":"https:\/\/www.drinks-spirits.com\/produkte\/arkanum-distillery\/"},"modified":"2022-08-30T13:51:29","modified_gmt":"2022-08-30T11:51:29","slug":"munakra-distillery","status":"publish","type":"page","link":"https:\/\/www.drinks-spirits.com\/de\/produkte\/munakra-distillery\/","title":{"rendered":"Munakra Distillery"},"content":{"rendered":"[vc_row type=&#8220;full_width_content&#8220; full_screen_row_position=&#8220;middle&#8220; column_margin=&#8220;default&#8220; column_direction=&#8220;default&#8220; column_direction_tablet=&#8220;default&#8220; column_direction_phone=&#8220;default&#8220; scene_position=&#8220;center&#8220; top_padding=&#8220;7%&#8220; bottom_padding=&#8220;10%&#8220; left_padding_desktop=&#8220;10%&#8220; constrain_group_2=&#8220;yes&#8220; right_padding_desktop=&#8220;10%&#8220; text_color=&#8220;dark&#8220; text_align=&#8220;left&#8220; row_border_radius=&#8220;none&#8220; row_border_radius_applies=&#8220;bg&#8220; overflow=&#8220;visible&#8220; class=&#8220;prd_s_list&#8220; advanced_gradient_radial_position=&#8220;top right&#8220; overlay_strength=&#8220;0.3&#8243; gradient_direction=&#8220;left_to_right&#8220; shape_divider_position=&#8220;bottom&#8220; bg_image_animation=&#8220;none&#8220; shape_type=&#8220;&#8220; gradient_type=&#8220;default&#8220;][vc_column column_padding=&#8220;no-extra-padding&#8220; column_padding_tablet=&#8220;inherit&#8220; column_padding_phone=&#8220;inherit&#8220; column_padding_position=&#8220;all&#8220; column_element_direction_desktop=&#8220;default&#8220; column_element_spacing=&#8220;default&#8220; desktop_text_alignment=&#8220;default&#8220; tablet_text_alignment=&#8220;default&#8220; phone_text_alignment=&#8220;default&#8220; background_color_opacity=&#8220;1&#8243; background_hover_color_opacity=&#8220;1&#8243; column_backdrop_filter=&#8220;none&#8220; column_shadow=&#8220;none&#8220; column_border_radius=&#8220;none&#8220; column_link_target=&#8220;_self&#8220; column_position=&#8220;default&#8220; advanced_gradient_angle=&#8220;0&#8243; gradient_direction=&#8220;left_to_right&#8220; overlay_strength=&#8220;0.3&#8243; width=&#8220;1\/1&#8243; tablet_width_inherit=&#8220;default&#8220; animation_type=&#8220;default&#8220; bg_image_animation=&#8220;none&#8220; border_type=&#8220;simple&#8220; column_border_width=&#8220;none&#8220; column_border_style=&#8220;solid&#8220; gradient_type=&#8220;default&#8220;][vc_row_inner column_margin=&#8220;default&#8220; column_direction=&#8220;default&#8220; column_direction_tablet=&#8220;default&#8220; column_direction_phone=&#8220;default&#8220; bottom_padding=&#8220;10%&#8220; text_align=&#8220;left&#8220; row_position=&#8220;default&#8220; row_position_tablet=&#8220;inherit&#8220; row_position_phone=&#8220;inherit&#8220; class=&#8220;pr_intro&#8220; overflow=&#8220;visible&#8220; pointer_events=&#8220;all&#8220;][vc_column_inner column_padding=&#8220;no-extra-padding&#8220; column_padding_tablet=&#8220;inherit&#8220; column_padding_phone=&#8220;inherit&#8220; column_padding_position=&#8220;all&#8220; column_element_direction_desktop=&#8220;default&#8220; column_element_spacing=&#8220;default&#8220; desktop_text_alignment=&#8220;default&#8220; tablet_text_alignment=&#8220;default&#8220; phone_text_alignment=&#8220;default&#8220; background_color_opacity=&#8220;1&#8243; background_hover_color_opacity=&#8220;1&#8243; column_backdrop_filter=&#8220;none&#8220; column_shadow=&#8220;none&#8220; column_border_radius=&#8220;none&#8220; column_link_target=&#8220;_self&#8220; overflow=&#8220;visible&#8220; gradient_direction=&#8220;left_to_right&#8220; overlay_strength=&#8220;0.3&#8243; width=&#8220;2\/3&#8243; tablet_width_inherit=&#8220;default&#8220; animation_type=&#8220;default&#8220; bg_image_animation=&#8220;none&#8220; border_type=&#8220;simple&#8220; column_border_width=&#8220;none&#8220; column_border_style=&#8220;solid&#8220;][split_line_heading animation_type=&#8220;line-reveal-by-space&#8220; font_style=&#8220;h1&#8243; text_color=&#8220;#333333&#8243; line_reveal_by_space_text_effect=&#8220;default&#8220; stagger_animation=&#8220;true&#8220; content_alignment=&#8220;default&#8220; mobile_content_alignment=&#8220;inherit&#8220; link_target=&#8220;_self&#8220; text_content=&#8220;Munakra Distillery&#8220; font_size=&#8220;5vw&#8220;][\/split_line_heading][split_line_heading animation_type=&#8220;line-reveal-by-space&#8220; font_style=&#8220;p&#8220; text_color=&#8220;#333333&#8243; line_reveal_by_space_text_effect=&#8220;default&#8220; content_alignment=&#8220;default&#8220; mobile_content_alignment=&#8220;inherit&#8220; link_target=&#8220;_self&#8220; text_content=&#8220;Qualit\u00e4t pur: Unsere 150-Liter-Kupferdestille macht das m\u00f6glich. Handgemacht bekommt hier eine ganz neue Bedeutung, denn gebrannt wird anhand des traditionellen Pot-Still-Verfahrens.  \u200b  Jede Flasche wird von Hand abgef\u00fcllt, etikettiert, versiegelt und beschriftet &#8211; besonders die Versiegelung und die Beschriftung machen jede Flasche einzigartig.  Hier kannst du erkennen aus welcher &quot;Batch&quot; (dt. Fass\/Ladung) der Gin stammt und welche &quot;Bottle&quot; (dt. Flasche) du aus dieser Batch besitzt.  \u200b  Alle Gins sind ungefiltert und mit reinstem Quellwasser aus Nieder\u00f6sterreich veredelt. Dies bewirkt einen authentischen und unverf\u00e4lschten Geschmack.  \u200b  Jede Flasche MUNAKRA ist ein Unikat und gibt es so kein zweites Mal &#8211; also Cheers und lass dich verzaubern.&#8220; font_size_phone=&#8220;16&#8243;][\/split_line_heading][\/vc_column_inner][\/vc_row_inner][vc_row_inner column_margin=&#8220;30px&#8220; column_direction=&#8220;default&#8220; column_direction_tablet=&#8220;default&#8220; column_direction_phone=&#8220;default&#8220; text_align=&#8220;left&#8220; row_position=&#8220;default&#8220; row_position_tablet=&#8220;inherit&#8220; row_position_phone=&#8220;inherit&#8220; overflow=&#8220;visible&#8220; pointer_events=&#8220;all&#8220;][vc_column_inner column_padding=&#8220;no-extra-padding&#8220; column_padding_tablet=&#8220;inherit&#8220; column_padding_phone=&#8220;inherit&#8220; column_padding_position=&#8220;all&#8220; column_element_direction_desktop=&#8220;default&#8220; column_element_spacing=&#8220;default&#8220; desktop_text_alignment=&#8220;default&#8220; tablet_text_alignment=&#8220;default&#8220; phone_text_alignment=&#8220;default&#8220; background_color_opacity=&#8220;1&#8243; background_hover_color_opacity=&#8220;1&#8243; column_backdrop_filter=&#8220;none&#8220; column_shadow=&#8220;none&#8220; column_border_radius=&#8220;none&#8220; column_link_target=&#8220;_self&#8220; overflow=&#8220;visible&#8220; gradient_direction=&#8220;left_to_right&#8220; overlay_strength=&#8220;0.3&#8243; width=&#8220;1\/3&#8243; tablet_width_inherit=&#8220;default&#8220; animation_type=&#8220;default&#8220; bg_image_animation=&#8220;none&#8220; border_type=&#8220;simple&#8220; column_border_width=&#8220;none&#8220; column_border_style=&#8220;solid&#8220;][team_member image_url=&#8220;1582&#8243; bio_alt_image_url=&#8220;1586&#8243; team_memeber_style=&#8220;bio_fullscreen_alt&#8220; image_loading=&#8220;default&#8220; team_member_bio_full_html=&#8220;html&#8220; name=&#8220;Munakra &#8211; Dry Gin&#8220; job_position=&#8220;(42,0 %) 500 ML&#8220; image_size=&#8220;product&#8220;]Der <strong>MUNAKRA Dry Gin<\/strong> wird\u00a0aus einer\u00a0feinen Auswahl von\u00a0100%\u00a0nat\u00fcrlichen\u00a0Botanicals gezaubert. Zu den Hauptdarstellern\u00a0z\u00e4hlen Wacholderbeeren, Hibiskusbl\u00fcten, Damaszener Rosenbl\u00fcten,\u00a0Holunderbl\u00fcten, rote Trauben,\u00a0Hagebutten und\u00a0Zironen. Die \u00fcbrigen\u00a0neun\u00a0Zutaten runden den Gin hinter der B\u00fchne ab.<\/p>\n<p>Der MUNAKRA Dry Gin ist\u00a0<em>blau<\/em>\u00a0und wechselt durch zauberhafte Weise seine Farbe zu\u00a0<em>violett<\/em>\u00a0<em>,<\/em>\u00a0wenn er in Kontakt mit S\u00e4ure wie z.B.\u00a0Tonic Water kommt.<\/p>\n<p>Die Farbe und der Farbwechsel\u00a0sind\u00a0zu\u00a0<em>100% nat\u00fcrlich<\/em>\u00a0und sind auf die\u00a0Infusion mit einer magischen und einzigartigen Bl\u00fcte zur\u00fcckzuf\u00fchren.[\/team_member][\/vc_column_inner][vc_column_inner column_padding=&#8220;no-extra-padding&#8220; column_padding_tablet=&#8220;inherit&#8220; column_padding_phone=&#8220;inherit&#8220; column_padding_position=&#8220;all&#8220; column_element_direction_desktop=&#8220;default&#8220; column_element_spacing=&#8220;default&#8220; desktop_text_alignment=&#8220;default&#8220; tablet_text_alignment=&#8220;default&#8220; phone_text_alignment=&#8220;default&#8220; background_color_opacity=&#8220;1&#8243; background_hover_color_opacity=&#8220;1&#8243; column_backdrop_filter=&#8220;none&#8220; column_shadow=&#8220;none&#8220; column_border_radius=&#8220;none&#8220; column_link_target=&#8220;_self&#8220; overflow=&#8220;visible&#8220; gradient_direction=&#8220;left_to_right&#8220; overlay_strength=&#8220;0.3&#8243; width=&#8220;1\/3&#8243; tablet_width_inherit=&#8220;default&#8220; animation_type=&#8220;default&#8220; bg_image_animation=&#8220;none&#8220; border_type=&#8220;simple&#8220; column_border_width=&#8220;none&#8220; column_border_style=&#8220;solid&#8220;][team_member image_url=&#8220;1584&#8243; bio_alt_image_url=&#8220;1589&#8243; team_memeber_style=&#8220;bio_fullscreen_alt&#8220; image_loading=&#8220;default&#8220; team_member_bio_full_html=&#8220;html&#8220; name=&#8220;Munakra &#8211; Black Gin&#8220; job_position=&#8220;(42,0 %) 500 ML&#8220; image_size=&#8220;product&#8220;]Der <strong>MUNAKRA Black Gin<\/strong> basiert auf einer okkulten Rezeptur von 100% nat\u00fcrlichen Botanicals. Die Hauptzutaten sind Wacholderbeeren, Rosmarin, schwarze Johannisbeeren, Pistazien,\u00a0Himbeerbl\u00e4tter, Orangen sowie Kardamom. Die \u00fcbrigen\u00a0neun Zutaten sind des Alchemistens Geheimnis und machen den Gin zu dem, was er ist: vollmundig\u00a0&amp; ausbalanciert.<\/p>\n<p>Der MUNAKRA\u00a0Black Gin ist\u00a0<em>schwarz<\/em>\u00a0und wechselt durch magische Weise seine Farbe zu\u00a0<em>rosarot<\/em>, wenn er in Kontakt mit S\u00e4ure wie z.B.\u00a0Tonic Water kommt.<\/p>\n<p>Die Farbe und der Farbwechsel\u00a0sind\u00a0zu\u00a0<em>100% nat\u00fcrlich<\/em>\u00a0und\u00a0ist auf die geheime\u00a0Infusion mit\u00a0verschiedenen Bl\u00fcten und Kr\u00e4utern zur\u00fcckzuf\u00fchren.[\/team_member][\/vc_column_inner][\/vc_row_inner][\/vc_column][\/vc_row]\n","protected":false},"excerpt":{"rendered":"<p>[vc_row type=&#8220;full_width_content&#8220; full_screen_row_position=&#8220;middle&#8220; column_margin=&#8220;default&#8220; column_direction=&#8220;default&#8220; column_direction_tablet=&#8220;default&#8220; column_direction_phone=&#8220;default&#8220; scene_position=&#8220;center&#8220; top_padding=&#8220;7%&#8220; bottom_padding=&#8220;10%&#8220; left_padding_desktop=&#8220;10%&#8220; constrain_group_2=&#8220;yes&#8220; right_padding_desktop=&#8220;10%&#8220; text_color=&#8220;dark&#8220; text_align=&#8220;left&#8220; row_border_radius=&#8220;none&#8220; row_border_radius_applies=&#8220;bg&#8220; overflow=&#8220;visible&#8220; class=&#8220;prd_s_list&#8220; advanced_gradient_radial_position=&#8220;top right&#8220; overlay_strength=&#8220;0.3&#8243; gradient_direction=&#8220;left_to_right&#8220; shape_divider_position=&#8220;bottom&#8220; bg_image_animation=&#8220;none&#8220; shape_type=&#8220;&#8220; gradient_type=&#8220;default&#8220;][vc_column column_padding=&#8220;no-extra-padding&#8220; column_padding_tablet=&#8220;inherit&#8220; column_padding_phone=&#8220;inherit&#8220;&#8230;<\/p>\n","protected":false},"author":8,"featured_media":0,"parent":872,"menu_order":0,"comment_status":"closed","ping_status":"closed","template":"","meta":{"inline_featured_image":false,"footnotes":""},"class_list":["post-891","page","type-page","status-publish"],"yoast_head":"<title>Munakra Distillery - Drinks &amp; Spirits<\/title>\n<meta name=\"robots\" content=\"index, follow, max-snippet:-1, max-image-preview:large, max-video-preview:-1\" \/>\n<link rel=\"canonical\" href=\"https:\/\/www.drinks-spirits.com\/de\/produkte\/munakra-distillery\/\" \/>\n<meta property=\"og:locale\" content=\"de_DE\" \/>\n<meta property=\"og:type\" content=\"article\" \/>\n<meta property=\"og:title\" content=\"Munakra Distillery - Drinks &amp; Spirits\" \/>\n<meta property=\"og:description\" content=\"[vc_row type=&#8220;full_width_content&#8220; full_screen_row_position=&#8220;middle&#8220; column_margin=&#8220;default&#8220; column_direction=&#8220;default&#8220; column_direction_tablet=&#8220;default&#8220; column_direction_phone=&#8220;default&#8220; scene_position=&#8220;center&#8220; top_padding=&#8220;7%&#8220; bottom_padding=&#8220;10%&#8220; left_padding_desktop=&#8220;10%&#8220; constrain_group_2=&#8220;yes&#8220; right_padding_desktop=&#8220;10%&#8220; text_color=&#8220;dark&#8220; text_align=&#8220;left&#8220; row_border_radius=&#8220;none&#8220; row_border_radius_applies=&#8220;bg&#8220; overflow=&#8220;visible&#8220; class=&#8220;prd_s_list&#8220; advanced_gradient_radial_position=&#8220;top right&#8220; overlay_strength=&#8220;0.3&#8243; gradient_direction=&#8220;left_to_right&#8220; shape_divider_position=&#8220;bottom&#8220; bg_image_animation=&#8220;none&#8220; shape_type=&#8220;&#8220; gradient_type=&#8220;default&#8220;][vc_column column_padding=&#8220;no-extra-padding&#8220; column_padding_tablet=&#8220;inherit&#8220; column_padding_phone=&#8220;inherit&#8220;...\" \/>\n<meta property=\"og:url\" content=\"https:\/\/www.drinks-spirits.com\/de\/produkte\/munakra-distillery\/\" \/>\n<meta property=\"og:site_name\" content=\"Drinks &amp; Spirits\" \/>\n<meta property=\"article:publisher\" content=\"https:\/\/www.facebook.com\/drinksspirits\/\" \/>\n<meta property=\"article:modified_time\" content=\"2022-08-30T11:51:29+00:00\" \/>\n<meta name=\"twitter:card\" content=\"summary_large_image\" \/>\n<meta name=\"twitter:label1\" content=\"Gesch\u00e4tzte Lesezeit\" \/>\n\t<meta name=\"twitter:data1\" content=\"5\u00a0Minuten\" \/>\n<script type=\"application\/ld+json\" class=\"yoast-schema-graph\">{\"@context\":\"https:\\\/\\\/schema.org\",\"@graph\":[{\"@type\":\"WebPage\",\"@id\":\"https:\\\/\\\/www.drinks-spirits.com\\\/de\\\/produkte\\\/munakra-distillery\\\/\",\"url\":\"https:\\\/\\\/www.drinks-spirits.com\\\/de\\\/produkte\\\/munakra-distillery\\\/\",\"name\":\"Munakra Distillery - Drinks &amp; Spirits\",\"isPartOf\":{\"@id\":\"https:\\\/\\\/www.drinks-spirits.com\\\/de\\\/#website\"},\"datePublished\":\"2022-01-18T12:16:08+00:00\",\"dateModified\":\"2022-08-30T11:51:29+00:00\",\"breadcrumb\":{\"@id\":\"https:\\\/\\\/www.drinks-spirits.com\\\/de\\\/produkte\\\/munakra-distillery\\\/#breadcrumb\"},\"inLanguage\":\"de\",\"potentialAction\":[{\"@type\":\"ReadAction\",\"target\":[\"https:\\\/\\\/www.drinks-spirits.com\\\/de\\\/produkte\\\/munakra-distillery\\\/\"]}]},{\"@type\":\"BreadcrumbList\",\"@id\":\"https:\\\/\\\/www.drinks-spirits.com\\\/de\\\/produkte\\\/munakra-distillery\\\/#breadcrumb\",\"itemListElement\":[{\"@type\":\"ListItem\",\"position\":1,\"name\":\"Home\",\"item\":\"https:\\\/\\\/www.drinks-spirits.com\\\/de\\\/\"},{\"@type\":\"ListItem\",\"position\":2,\"name\":\"Produkte\",\"item\":\"https:\\\/\\\/www.drinks-spirits.com\\\/de\\\/prodotti\\\/\"},{\"@type\":\"ListItem\",\"position\":3,\"name\":\"Munakra Distillery\"}]},{\"@type\":\"WebSite\",\"@id\":\"https:\\\/\\\/www.drinks-spirits.com\\\/de\\\/#website\",\"url\":\"https:\\\/\\\/www.drinks-spirits.com\\\/de\\\/\",\"name\":\"Drinks &amp; Spirits\",\"description\":\"Italienische Vertriebsh\u00e4ndler f\u00fcr Spirituosen\",\"publisher\":{\"@id\":\"https:\\\/\\\/www.drinks-spirits.com\\\/de\\\/#organization\"},\"potentialAction\":[{\"@type\":\"SearchAction\",\"target\":{\"@type\":\"EntryPoint\",\"urlTemplate\":\"https:\\\/\\\/www.drinks-spirits.com\\\/de\\\/?s={search_term_string}\"},\"query-input\":{\"@type\":\"PropertyValueSpecification\",\"valueRequired\":true,\"valueName\":\"search_term_string\"}}],\"inLanguage\":\"de\"},{\"@type\":\"Organization\",\"@id\":\"https:\\\/\\\/www.drinks-spirits.com\\\/de\\\/#organization\",\"name\":\"Drinks & Spirits\",\"url\":\"https:\\\/\\\/www.drinks-spirits.com\\\/de\\\/\",\"logo\":{\"@type\":\"ImageObject\",\"inLanguage\":\"de\",\"@id\":\"https:\\\/\\\/www.drinks-spirits.com\\\/de\\\/#\\\/schema\\\/logo\\\/image\\\/\",\"url\":\"https:\\\/\\\/www.drinks-spirits.com\\\/wp-content\\\/uploads\\\/2021\\\/12\\\/logo.png\",\"contentUrl\":\"https:\\\/\\\/www.drinks-spirits.com\\\/wp-content\\\/uploads\\\/2021\\\/12\\\/logo.png\",\"width\":318,\"height\":60,\"caption\":\"Drinks & Spirits\"},\"image\":{\"@id\":\"https:\\\/\\\/www.drinks-spirits.com\\\/de\\\/#\\\/schema\\\/logo\\\/image\\\/\"},\"sameAs\":[\"https:\\\/\\\/www.facebook.com\\\/drinksspirits\\\/\"]}]}<\/script>","yoast_head_json":{"title":"Munakra Distillery - Drinks &amp; Spirits","robots":{"index":"index","follow":"follow","max-snippet":"max-snippet:-1","max-image-preview":"max-image-preview:large","max-video-preview":"max-video-preview:-1"},"canonical":"https:\/\/www.drinks-spirits.com\/de\/produkte\/munakra-distillery\/","og_locale":"de_DE","og_type":"article","og_title":"Munakra Distillery - Drinks &amp; Spirits","og_description":"[vc_row type=&#8220;full_width_content&#8220; full_screen_row_position=&#8220;middle&#8220; column_margin=&#8220;default&#8220; column_direction=&#8220;default&#8220; column_direction_tablet=&#8220;default&#8220; column_direction_phone=&#8220;default&#8220; scene_position=&#8220;center&#8220; top_padding=&#8220;7%&#8220; bottom_padding=&#8220;10%&#8220; left_padding_desktop=&#8220;10%&#8220; constrain_group_2=&#8220;yes&#8220; right_padding_desktop=&#8220;10%&#8220; text_color=&#8220;dark&#8220; text_align=&#8220;left&#8220; row_border_radius=&#8220;none&#8220; row_border_radius_applies=&#8220;bg&#8220; overflow=&#8220;visible&#8220; class=&#8220;prd_s_list&#8220; advanced_gradient_radial_position=&#8220;top right&#8220; overlay_strength=&#8220;0.3&#8243; gradient_direction=&#8220;left_to_right&#8220; shape_divider_position=&#8220;bottom&#8220; bg_image_animation=&#8220;none&#8220; shape_type=&#8220;&#8220; gradient_type=&#8220;default&#8220;][vc_column column_padding=&#8220;no-extra-padding&#8220; column_padding_tablet=&#8220;inherit&#8220; column_padding_phone=&#8220;inherit&#8220;...","og_url":"https:\/\/www.drinks-spirits.com\/de\/produkte\/munakra-distillery\/","og_site_name":"Drinks &amp; Spirits","article_publisher":"https:\/\/www.facebook.com\/drinksspirits\/","article_modified_time":"2022-08-30T11:51:29+00:00","twitter_card":"summary_large_image","twitter_misc":{"Gesch\u00e4tzte Lesezeit":"5\u00a0Minuten"},"schema":{"@context":"https:\/\/schema.org","@graph":[{"@type":"WebPage","@id":"https:\/\/www.drinks-spirits.com\/de\/produkte\/munakra-distillery\/","url":"https:\/\/www.drinks-spirits.com\/de\/produkte\/munakra-distillery\/","name":"Munakra Distillery - Drinks &amp; Spirits","isPartOf":{"@id":"https:\/\/www.drinks-spirits.com\/de\/#website"},"datePublished":"2022-01-18T12:16:08+00:00","dateModified":"2022-08-30T11:51:29+00:00","breadcrumb":{"@id":"https:\/\/www.drinks-spirits.com\/de\/produkte\/munakra-distillery\/#breadcrumb"},"inLanguage":"de","potentialAction":[{"@type":"ReadAction","target":["https:\/\/www.drinks-spirits.com\/de\/produkte\/munakra-distillery\/"]}]},{"@type":"BreadcrumbList","@id":"https:\/\/www.drinks-spirits.com\/de\/produkte\/munakra-distillery\/#breadcrumb","itemListElement":[{"@type":"ListItem","position":1,"name":"Home","item":"https:\/\/www.drinks-spirits.com\/de\/"},{"@type":"ListItem","position":2,"name":"Produkte","item":"https:\/\/www.drinks-spirits.com\/de\/prodotti\/"},{"@type":"ListItem","position":3,"name":"Munakra Distillery"}]},{"@type":"WebSite","@id":"https:\/\/www.drinks-spirits.com\/de\/#website","url":"https:\/\/www.drinks-spirits.com\/de\/","name":"Drinks &amp; Spirits","description":"Italienische Vertriebsh\u00e4ndler f\u00fcr Spirituosen","publisher":{"@id":"https:\/\/www.drinks-spirits.com\/de\/#organization"},"potentialAction":[{"@type":"SearchAction","target":{"@type":"EntryPoint","urlTemplate":"https:\/\/www.drinks-spirits.com\/de\/?s={search_term_string}"},"query-input":{"@type":"PropertyValueSpecification","valueRequired":true,"valueName":"search_term_string"}}],"inLanguage":"de"},{"@type":"Organization","@id":"https:\/\/www.drinks-spirits.com\/de\/#organization","name":"Drinks & Spirits","url":"https:\/\/www.drinks-spirits.com\/de\/","logo":{"@type":"ImageObject","inLanguage":"de","@id":"https:\/\/www.drinks-spirits.com\/de\/#\/schema\/logo\/image\/","url":"https:\/\/www.drinks-spirits.com\/wp-content\/uploads\/2021\/12\/logo.png","contentUrl":"https:\/\/www.drinks-spirits.com\/wp-content\/uploads\/2021\/12\/logo.png","width":318,"height":60,"caption":"Drinks & Spirits"},"image":{"@id":"https:\/\/www.drinks-spirits.com\/de\/#\/schema\/logo\/image\/"},"sameAs":["https:\/\/www.facebook.com\/drinksspirits\/"]}]}},"_links":{"self":[{"href":"https:\/\/www.drinks-spirits.com\/de\/wp-json\/wp\/v2\/pages\/891","targetHints":{"allow":["GET"]}}],"collection":[{"href":"https:\/\/www.drinks-spirits.com\/de\/wp-json\/wp\/v2\/pages"}],"about":[{"href":"https:\/\/www.drinks-spirits.com\/de\/wp-json\/wp\/v2\/types\/page"}],"author":[{"embeddable":true,"href":"https:\/\/www.drinks-spirits.com\/de\/wp-json\/wp\/v2\/users\/8"}],"replies":[{"embeddable":true,"href":"https:\/\/www.drinks-spirits.com\/de\/wp-json\/wp\/v2\/comments?post=891"}],"version-history":[{"count":11,"href":"https:\/\/www.drinks-spirits.com\/de\/wp-json\/wp\/v2\/pages\/891\/revisions"}],"predecessor-version":[{"id":1596,"href":"https:\/\/www.drinks-spirits.com\/de\/wp-json\/wp\/v2\/pages\/891\/revisions\/1596"}],"up":[{"embeddable":true,"href":"https:\/\/www.drinks-spirits.com\/de\/wp-json\/wp\/v2\/pages\/872"}],"wp:attachment":[{"href":"https:\/\/www.drinks-spirits.com\/de\/wp-json\/wp\/v2\/media?parent=891"}],"curies":[{"name":"wp","href":"https:\/\/api.w.org\/{rel}","templated":true}]}}