{"id":856,"date":"2022-01-18T13:34:06","date_gmt":"2022-01-18T12:34:06","guid":{"rendered":"https:\/\/www.drinks-spirits.com\/vincents-absinth\/"},"modified":"2022-08-17T09:46:46","modified_gmt":"2022-08-17T07:46:46","slug":"vincents-absinth","status":"publish","type":"page","link":"https:\/\/www.drinks-spirits.com\/de\/produkte\/vincents-absinth\/","title":{"rendered":"Vincent\u2019s Absinth"},"content":{"rendered":"[vc_row type=&#8220;full_width_content&#8220; full_screen_row_position=&#8220;middle&#8220; column_margin=&#8220;default&#8220; column_direction=&#8220;default&#8220; column_direction_tablet=&#8220;default&#8220; column_direction_phone=&#8220;default&#8220; scene_position=&#8220;center&#8220; top_padding=&#8220;7%&#8220; bottom_padding=&#8220;10%&#8220; left_padding_desktop=&#8220;10%&#8220; constrain_group_2=&#8220;yes&#8220; right_padding_desktop=&#8220;10%&#8220; text_color=&#8220;dark&#8220; text_align=&#8220;left&#8220; row_border_radius=&#8220;none&#8220; row_border_radius_applies=&#8220;bg&#8220; overflow=&#8220;visible&#8220; class=&#8220;prd_s_list psl_visible&#8220; advanced_gradient_radial_position=&#8220;top right&#8220; overlay_strength=&#8220;0.3&#8243; gradient_direction=&#8220;left_to_right&#8220; shape_divider_position=&#8220;bottom&#8220; bg_image_animation=&#8220;none&#8220; shape_type=&#8220;&#8220; gradient_type=&#8220;default&#8220;][vc_column column_padding=&#8220;no-extra-padding&#8220; column_padding_tablet=&#8220;inherit&#8220; column_padding_phone=&#8220;inherit&#8220; column_padding_position=&#8220;all&#8220; column_element_spacing=&#8220;default&#8220; background_color_opacity=&#8220;1&#8243; background_hover_color_opacity=&#8220;1&#8243; column_shadow=&#8220;none&#8220; column_border_radius=&#8220;none&#8220; column_link_target=&#8220;_self&#8220; column_position=&#8220;default&#8220; advanced_gradient_angle=&#8220;0&#8243; gradient_direction=&#8220;left_to_right&#8220; overlay_strength=&#8220;0.3&#8243; width=&#8220;1\/1&#8243; tablet_width_inherit=&#8220;default&#8220; tablet_text_alignment=&#8220;default&#8220; phone_text_alignment=&#8220;default&#8220; animation_type=&#8220;default&#8220; bg_image_animation=&#8220;none&#8220; border_type=&#8220;simple&#8220; column_border_width=&#8220;none&#8220; column_border_style=&#8220;solid&#8220; gradient_type=&#8220;default&#8220;][vc_row_inner column_margin=&#8220;default&#8220; column_direction=&#8220;default&#8220; column_direction_tablet=&#8220;default&#8220; column_direction_phone=&#8220;default&#8220; bottom_padding=&#8220;10%&#8220; text_align=&#8220;left&#8220; row_position=&#8220;default&#8220; row_position_tablet=&#8220;inherit&#8220; row_position_phone=&#8220;inherit&#8220; overflow=&#8220;visible&#8220; pointer_events=&#8220;all&#8220;][vc_column_inner column_padding=&#8220;no-extra-padding&#8220; column_padding_tablet=&#8220;inherit&#8220; column_padding_phone=&#8220;inherit&#8220; column_padding_position=&#8220;all&#8220; column_element_spacing=&#8220;default&#8220; background_color_opacity=&#8220;1&#8243; background_hover_color_opacity=&#8220;1&#8243; column_shadow=&#8220;none&#8220; column_border_radius=&#8220;none&#8220; column_link_target=&#8220;_self&#8220; gradient_direction=&#8220;left_to_right&#8220; overlay_strength=&#8220;0.3&#8243; width=&#8220;2\/3&#8243; tablet_width_inherit=&#8220;default&#8220; animation_type=&#8220;default&#8220; bg_image_animation=&#8220;none&#8220; border_type=&#8220;simple&#8220; column_border_width=&#8220;none&#8220; column_border_style=&#8220;solid&#8220;][split_line_heading animation_type=&#8220;line-reveal-by-space&#8220; font_style=&#8220;h1&#8243; text_color=&#8220;#333333&#8243; line_reveal_by_space_text_effect=&#8220;default&#8220; stagger_animation=&#8220;true&#8220; content_alignment=&#8220;default&#8220; mobile_content_alignment=&#8220;inherit&#8220; link_target=&#8220;_self&#8220; text_content=&#8220;Vincent\u2019s Absinth&#8220; font_size=&#8220;5vw&#8220;][\/split_line_heading][split_line_heading animation_type=&#8220;line-reveal-by-space&#8220; font_style=&#8220;p&#8220; text_color=&#8220;#333333&#8243; line_reveal_by_space_text_effect=&#8220;default&#8220; content_alignment=&#8220;default&#8220; mobile_content_alignment=&#8220;inherit&#8220; link_target=&#8220;_self&#8220; text_content=&#8220;Das legend\u00e4re Kultgetr\u00e4nk verdankt seinen Ruf nicht zuletzt seiner psychoaktiven Wirkung und seinem bitters\u00fc\u00dfen Geschmack. Die \u201eGr\u00fcne Fee\u201c war DAS Gesellschaftsgetr\u00e4nk in der zweiten H\u00e4lfte des 19. und zu Beginn des 20. Jahrhunderts. F\u00fcr fast ein Jahrhundert verboten, erlebt der Absinth nun seine Renaissance und avanciert zum In-Getr\u00e4nk der internationalen Party- und Club-Szene. Erh\u00e4ltlich ist Vincent\u2018s Absinth in 2 verschiedenen Abf\u00fcllungen: mit 77% und 55% Alkoholanteil.&#8220;][\/split_line_heading][\/vc_column_inner][\/vc_row_inner][vc_row_inner column_margin=&#8220;30px&#8220; column_direction=&#8220;default&#8220; column_direction_tablet=&#8220;default&#8220; column_direction_phone=&#8220;default&#8220; text_align=&#8220;left&#8220; row_position=&#8220;default&#8220; row_position_tablet=&#8220;inherit&#8220; row_position_phone=&#8220;inherit&#8220; overflow=&#8220;visible&#8220; pointer_events=&#8220;all&#8220;][vc_column_inner column_padding=&#8220;no-extra-padding&#8220; column_padding_tablet=&#8220;inherit&#8220; column_padding_phone=&#8220;inherit&#8220; column_padding_position=&#8220;all&#8220; column_element_spacing=&#8220;default&#8220; background_color_opacity=&#8220;1&#8243; background_hover_color_opacity=&#8220;1&#8243; column_shadow=&#8220;none&#8220; column_border_radius=&#8220;none&#8220; column_link_target=&#8220;_self&#8220; gradient_direction=&#8220;left_to_right&#8220; overlay_strength=&#8220;0.3&#8243; width=&#8220;1\/3&#8243; tablet_width_inherit=&#8220;default&#8220; animation_type=&#8220;default&#8220; bg_image_animation=&#8220;none&#8220; border_type=&#8220;simple&#8220; column_border_width=&#8220;none&#8220; column_border_style=&#8220;solid&#8220;][team_member image_url=&#8220;383&#8243; bio_alt_image_url=&#8220;383&#8243; team_memeber_style=&#8220;bio_fullscreen_alt&#8220; image_loading=&#8220;default&#8220; team_member_bio_full_html=&#8220;html&#8220; name=&#8220;Absinth 55&#8243; job_position=&#8220;(55 %) 1 L&#8220; image_size=&#8220;product&#8220;]<strong><span class=\"alc\">Inhalt:<br \/>\n<\/span><\/strong>Alkohol, Wasser, Zucker, nat\u00fcrliches Aroma (enth\u00e4lt Thujon: 9 mg\/kg), Farbstoffe E 104, E 133[\/team_member][\/vc_column_inner][\/vc_row_inner][\/vc_column][\/vc_row]\n","protected":false},"excerpt":{"rendered":"<p>[vc_row type=&#8220;full_width_content&#8220; full_screen_row_position=&#8220;middle&#8220; column_margin=&#8220;default&#8220; column_direction=&#8220;default&#8220; column_direction_tablet=&#8220;default&#8220; column_direction_phone=&#8220;default&#8220; scene_position=&#8220;center&#8220; top_padding=&#8220;7%&#8220; bottom_padding=&#8220;10%&#8220; left_padding_desktop=&#8220;10%&#8220; constrain_group_2=&#8220;yes&#8220; right_padding_desktop=&#8220;10%&#8220; text_color=&#8220;dark&#8220; text_align=&#8220;left&#8220; row_border_radius=&#8220;none&#8220; row_border_radius_applies=&#8220;bg&#8220; overflow=&#8220;visible&#8220; class=&#8220;prd_s_list psl_visible&#8220; advanced_gradient_radial_position=&#8220;top right&#8220; overlay_strength=&#8220;0.3&#8243; gradient_direction=&#8220;left_to_right&#8220; shape_divider_position=&#8220;bottom&#8220; bg_image_animation=&#8220;none&#8220; shape_type=&#8220;&#8220; gradient_type=&#8220;default&#8220;][vc_column column_padding=&#8220;no-extra-padding&#8220; column_padding_tablet=&#8220;inherit&#8220;&#8230;<\/p>\n","protected":false},"author":8,"featured_media":0,"parent":872,"menu_order":0,"comment_status":"closed","ping_status":"closed","template":"","meta":{"inline_featured_image":false,"footnotes":""},"class_list":["post-856","page","type-page","status-publish"],"yoast_head":"<title>Vincent\u2019s Absinth - Drinks &amp; Spirits<\/title>\n<meta name=\"robots\" content=\"index, follow, max-snippet:-1, max-image-preview:large, max-video-preview:-1\" \/>\n<link rel=\"canonical\" href=\"https:\/\/www.drinks-spirits.com\/de\/produkte\/vincents-absinth\/\" \/>\n<meta property=\"og:locale\" content=\"de_DE\" \/>\n<meta property=\"og:type\" content=\"article\" \/>\n<meta property=\"og:title\" content=\"Vincent\u2019s Absinth - Drinks &amp; Spirits\" \/>\n<meta property=\"og:description\" content=\"[vc_row type=&#8220;full_width_content&#8220; full_screen_row_position=&#8220;middle&#8220; column_margin=&#8220;default&#8220; column_direction=&#8220;default&#8220; column_direction_tablet=&#8220;default&#8220; column_direction_phone=&#8220;default&#8220; scene_position=&#8220;center&#8220; top_padding=&#8220;7%&#8220; bottom_padding=&#8220;10%&#8220; left_padding_desktop=&#8220;10%&#8220; constrain_group_2=&#8220;yes&#8220; right_padding_desktop=&#8220;10%&#8220; text_color=&#8220;dark&#8220; text_align=&#8220;left&#8220; row_border_radius=&#8220;none&#8220; row_border_radius_applies=&#8220;bg&#8220; overflow=&#8220;visible&#8220; class=&#8220;prd_s_list psl_visible&#8220; advanced_gradient_radial_position=&#8220;top right&#8220; overlay_strength=&#8220;0.3&#8243; gradient_direction=&#8220;left_to_right&#8220; shape_divider_position=&#8220;bottom&#8220; bg_image_animation=&#8220;none&#8220; shape_type=&#8220;&#8220; gradient_type=&#8220;default&#8220;][vc_column column_padding=&#8220;no-extra-padding&#8220; column_padding_tablet=&#8220;inherit&#8220;...\" \/>\n<meta property=\"og:url\" content=\"https:\/\/www.drinks-spirits.com\/de\/produkte\/vincents-absinth\/\" \/>\n<meta property=\"og:site_name\" content=\"Drinks &amp; Spirits\" \/>\n<meta property=\"article:publisher\" content=\"https:\/\/www.facebook.com\/drinksspirits\/\" \/>\n<meta property=\"article:modified_time\" content=\"2022-08-17T07:46:46+00:00\" \/>\n<meta name=\"twitter:card\" content=\"summary_large_image\" \/>\n<meta name=\"twitter:label1\" content=\"Gesch\u00e4tzte Lesezeit\" \/>\n\t<meta name=\"twitter:data1\" content=\"3\u00a0Minuten\" \/>\n<script type=\"application\/ld+json\" class=\"yoast-schema-graph\">{\"@context\":\"https:\\\/\\\/schema.org\",\"@graph\":[{\"@type\":\"WebPage\",\"@id\":\"https:\\\/\\\/www.drinks-spirits.com\\\/de\\\/produkte\\\/vincents-absinth\\\/\",\"url\":\"https:\\\/\\\/www.drinks-spirits.com\\\/de\\\/produkte\\\/vincents-absinth\\\/\",\"name\":\"Vincent\u2019s Absinth - Drinks &amp; Spirits\",\"isPartOf\":{\"@id\":\"https:\\\/\\\/www.drinks-spirits.com\\\/de\\\/#website\"},\"datePublished\":\"2022-01-18T12:34:06+00:00\",\"dateModified\":\"2022-08-17T07:46:46+00:00\",\"breadcrumb\":{\"@id\":\"https:\\\/\\\/www.drinks-spirits.com\\\/de\\\/produkte\\\/vincents-absinth\\\/#breadcrumb\"},\"inLanguage\":\"de\",\"potentialAction\":[{\"@type\":\"ReadAction\",\"target\":[\"https:\\\/\\\/www.drinks-spirits.com\\\/de\\\/produkte\\\/vincents-absinth\\\/\"]}]},{\"@type\":\"BreadcrumbList\",\"@id\":\"https:\\\/\\\/www.drinks-spirits.com\\\/de\\\/produkte\\\/vincents-absinth\\\/#breadcrumb\",\"itemListElement\":[{\"@type\":\"ListItem\",\"position\":1,\"name\":\"Home\",\"item\":\"https:\\\/\\\/www.drinks-spirits.com\\\/de\\\/\"},{\"@type\":\"ListItem\",\"position\":2,\"name\":\"Produkte\",\"item\":\"https:\\\/\\\/www.drinks-spirits.com\\\/de\\\/prodotti\\\/\"},{\"@type\":\"ListItem\",\"position\":3,\"name\":\"Vincent\u2019s Absinth\"}]},{\"@type\":\"WebSite\",\"@id\":\"https:\\\/\\\/www.drinks-spirits.com\\\/de\\\/#website\",\"url\":\"https:\\\/\\\/www.drinks-spirits.com\\\/de\\\/\",\"name\":\"Drinks &amp; Spirits\",\"description\":\"Italienische Vertriebsh\u00e4ndler f\u00fcr Spirituosen\",\"publisher\":{\"@id\":\"https:\\\/\\\/www.drinks-spirits.com\\\/de\\\/#organization\"},\"potentialAction\":[{\"@type\":\"SearchAction\",\"target\":{\"@type\":\"EntryPoint\",\"urlTemplate\":\"https:\\\/\\\/www.drinks-spirits.com\\\/de\\\/?s={search_term_string}\"},\"query-input\":{\"@type\":\"PropertyValueSpecification\",\"valueRequired\":true,\"valueName\":\"search_term_string\"}}],\"inLanguage\":\"de\"},{\"@type\":\"Organization\",\"@id\":\"https:\\\/\\\/www.drinks-spirits.com\\\/de\\\/#organization\",\"name\":\"Drinks & Spirits\",\"url\":\"https:\\\/\\\/www.drinks-spirits.com\\\/de\\\/\",\"logo\":{\"@type\":\"ImageObject\",\"inLanguage\":\"de\",\"@id\":\"https:\\\/\\\/www.drinks-spirits.com\\\/de\\\/#\\\/schema\\\/logo\\\/image\\\/\",\"url\":\"https:\\\/\\\/www.drinks-spirits.com\\\/wp-content\\\/uploads\\\/2021\\\/12\\\/logo.png\",\"contentUrl\":\"https:\\\/\\\/www.drinks-spirits.com\\\/wp-content\\\/uploads\\\/2021\\\/12\\\/logo.png\",\"width\":318,\"height\":60,\"caption\":\"Drinks & Spirits\"},\"image\":{\"@id\":\"https:\\\/\\\/www.drinks-spirits.com\\\/de\\\/#\\\/schema\\\/logo\\\/image\\\/\"},\"sameAs\":[\"https:\\\/\\\/www.facebook.com\\\/drinksspirits\\\/\"]}]}<\/script>","yoast_head_json":{"title":"Vincent\u2019s Absinth - Drinks &amp; Spirits","robots":{"index":"index","follow":"follow","max-snippet":"max-snippet:-1","max-image-preview":"max-image-preview:large","max-video-preview":"max-video-preview:-1"},"canonical":"https:\/\/www.drinks-spirits.com\/de\/produkte\/vincents-absinth\/","og_locale":"de_DE","og_type":"article","og_title":"Vincent\u2019s Absinth - Drinks &amp; Spirits","og_description":"[vc_row type=&#8220;full_width_content&#8220; full_screen_row_position=&#8220;middle&#8220; column_margin=&#8220;default&#8220; column_direction=&#8220;default&#8220; column_direction_tablet=&#8220;default&#8220; column_direction_phone=&#8220;default&#8220; scene_position=&#8220;center&#8220; top_padding=&#8220;7%&#8220; bottom_padding=&#8220;10%&#8220; left_padding_desktop=&#8220;10%&#8220; constrain_group_2=&#8220;yes&#8220; right_padding_desktop=&#8220;10%&#8220; text_color=&#8220;dark&#8220; text_align=&#8220;left&#8220; row_border_radius=&#8220;none&#8220; row_border_radius_applies=&#8220;bg&#8220; overflow=&#8220;visible&#8220; class=&#8220;prd_s_list psl_visible&#8220; advanced_gradient_radial_position=&#8220;top right&#8220; overlay_strength=&#8220;0.3&#8243; gradient_direction=&#8220;left_to_right&#8220; shape_divider_position=&#8220;bottom&#8220; bg_image_animation=&#8220;none&#8220; shape_type=&#8220;&#8220; gradient_type=&#8220;default&#8220;][vc_column column_padding=&#8220;no-extra-padding&#8220; column_padding_tablet=&#8220;inherit&#8220;...","og_url":"https:\/\/www.drinks-spirits.com\/de\/produkte\/vincents-absinth\/","og_site_name":"Drinks &amp; Spirits","article_publisher":"https:\/\/www.facebook.com\/drinksspirits\/","article_modified_time":"2022-08-17T07:46:46+00:00","twitter_card":"summary_large_image","twitter_misc":{"Gesch\u00e4tzte Lesezeit":"3\u00a0Minuten"},"schema":{"@context":"https:\/\/schema.org","@graph":[{"@type":"WebPage","@id":"https:\/\/www.drinks-spirits.com\/de\/produkte\/vincents-absinth\/","url":"https:\/\/www.drinks-spirits.com\/de\/produkte\/vincents-absinth\/","name":"Vincent\u2019s Absinth - Drinks &amp; Spirits","isPartOf":{"@id":"https:\/\/www.drinks-spirits.com\/de\/#website"},"datePublished":"2022-01-18T12:34:06+00:00","dateModified":"2022-08-17T07:46:46+00:00","breadcrumb":{"@id":"https:\/\/www.drinks-spirits.com\/de\/produkte\/vincents-absinth\/#breadcrumb"},"inLanguage":"de","potentialAction":[{"@type":"ReadAction","target":["https:\/\/www.drinks-spirits.com\/de\/produkte\/vincents-absinth\/"]}]},{"@type":"BreadcrumbList","@id":"https:\/\/www.drinks-spirits.com\/de\/produkte\/vincents-absinth\/#breadcrumb","itemListElement":[{"@type":"ListItem","position":1,"name":"Home","item":"https:\/\/www.drinks-spirits.com\/de\/"},{"@type":"ListItem","position":2,"name":"Produkte","item":"https:\/\/www.drinks-spirits.com\/de\/prodotti\/"},{"@type":"ListItem","position":3,"name":"Vincent\u2019s Absinth"}]},{"@type":"WebSite","@id":"https:\/\/www.drinks-spirits.com\/de\/#website","url":"https:\/\/www.drinks-spirits.com\/de\/","name":"Drinks &amp; Spirits","description":"Italienische Vertriebsh\u00e4ndler f\u00fcr Spirituosen","publisher":{"@id":"https:\/\/www.drinks-spirits.com\/de\/#organization"},"potentialAction":[{"@type":"SearchAction","target":{"@type":"EntryPoint","urlTemplate":"https:\/\/www.drinks-spirits.com\/de\/?s={search_term_string}"},"query-input":{"@type":"PropertyValueSpecification","valueRequired":true,"valueName":"search_term_string"}}],"inLanguage":"de"},{"@type":"Organization","@id":"https:\/\/www.drinks-spirits.com\/de\/#organization","name":"Drinks & Spirits","url":"https:\/\/www.drinks-spirits.com\/de\/","logo":{"@type":"ImageObject","inLanguage":"de","@id":"https:\/\/www.drinks-spirits.com\/de\/#\/schema\/logo\/image\/","url":"https:\/\/www.drinks-spirits.com\/wp-content\/uploads\/2021\/12\/logo.png","contentUrl":"https:\/\/www.drinks-spirits.com\/wp-content\/uploads\/2021\/12\/logo.png","width":318,"height":60,"caption":"Drinks & Spirits"},"image":{"@id":"https:\/\/www.drinks-spirits.com\/de\/#\/schema\/logo\/image\/"},"sameAs":["https:\/\/www.facebook.com\/drinksspirits\/"]}]}},"_links":{"self":[{"href":"https:\/\/www.drinks-spirits.com\/de\/wp-json\/wp\/v2\/pages\/856","targetHints":{"allow":["GET"]}}],"collection":[{"href":"https:\/\/www.drinks-spirits.com\/de\/wp-json\/wp\/v2\/pages"}],"about":[{"href":"https:\/\/www.drinks-spirits.com\/de\/wp-json\/wp\/v2\/types\/page"}],"author":[{"embeddable":true,"href":"https:\/\/www.drinks-spirits.com\/de\/wp-json\/wp\/v2\/users\/8"}],"replies":[{"embeddable":true,"href":"https:\/\/www.drinks-spirits.com\/de\/wp-json\/wp\/v2\/comments?post=856"}],"version-history":[{"count":6,"href":"https:\/\/www.drinks-spirits.com\/de\/wp-json\/wp\/v2\/pages\/856\/revisions"}],"predecessor-version":[{"id":1561,"href":"https:\/\/www.drinks-spirits.com\/de\/wp-json\/wp\/v2\/pages\/856\/revisions\/1561"}],"up":[{"embeddable":true,"href":"https:\/\/www.drinks-spirits.com\/de\/wp-json\/wp\/v2\/pages\/872"}],"wp:attachment":[{"href":"https:\/\/www.drinks-spirits.com\/de\/wp-json\/wp\/v2\/media?parent=856"}],"curies":[{"name":"wp","href":"https:\/\/api.w.org\/{rel}","templated":true}]}}